{"id":8,"date":"2016-06-07T13:46:32","date_gmt":"2016-06-07T10:46:32","guid":{"rendered":"http:\/\/juvatruf.asiakkaat.sigmatic.fi\/en\/?page_id=8"},"modified":"2021-05-17T18:31:03","modified_gmt":"2021-05-17T15:31:03","slug":"services","status":"publish","type":"page","link":"https:\/\/juvatruf.fi\/en\/services\/","title":{"rendered":"Services"},"content":{"rendered":"\n<h1 class=\"has-text-align-left wp-block-heading\"><span style=\"font-family: 'times new roman', times, serif;font-size: 24pt;color: #ff6600\">The services offered by Juva Truffle Center include the following:<\/span><\/h1>\n\n\n\n<ul><li style=\"text-align: justify\"><span style=\"font-family: 'times new roman', times, serif;font-size: 18pt\">Establishing truffle orchards and truffle orchards managements<\/span><\/li><li style=\"text-align: justify\"><span style=\"font-family: 'times new roman', times, serif;font-size: 18pt\">Truffle safaris (truffle seminar, truffle lunch, and truffle hunt show with trained dogs)<\/span><\/li><li style=\"text-align: justify\"><span style=\"font-family: 'times new roman', times, serif;font-size: 18pt\">Retailing tree seedlings inoculated with truffle ectomycorrhiza and retailing truffle merchandise<\/span><\/li><li style=\"text-align: justify\"><span style=\"font-family: 'times new roman', times, serif;font-size: 18pt\">Guiding dog owners in helping their dogs for hunting truffles<\/span><\/li><\/ul>\n\n\n\n<hr class=\"wp-block-separator is-style-wide\" \/>\n\n\n\n<div class=\"wp-block-image is-style-default\"><figure class=\"aligncenter size-large is-resized\"><img loading=\"lazy\" decoding=\"async\" src=\"https:\/\/juvatruf.fi\/en\/wp-content\/uploads\/sites\/2\/2021\/03\/Orchard-JTC-1-1024x766.png\" alt=\"\" class=\"wp-image-439\" width=\"556\" height=\"415\" srcset=\"https:\/\/juvatruf.fi\/en\/wp-content\/uploads\/sites\/2\/2021\/03\/Orchard-JTC-1-1024x766.png 1024w, https:\/\/juvatruf.fi\/en\/wp-content\/uploads\/sites\/2\/2021\/03\/Orchard-JTC-1-300x225.png 300w, https:\/\/juvatruf.fi\/en\/wp-content\/uploads\/sites\/2\/2021\/03\/Orchard-JTC-1-768x575.png 768w, https:\/\/juvatruf.fi\/en\/wp-content\/uploads\/sites\/2\/2021\/03\/Orchard-JTC-1-380x285.png 380w, https:\/\/juvatruf.fi\/en\/wp-content\/uploads\/sites\/2\/2021\/03\/Orchard-JTC-1-285x214.png 285w, https:\/\/juvatruf.fi\/en\/wp-content\/uploads\/sites\/2\/2021\/03\/Orchard-JTC-1.png 1375w\" sizes=\"(max-width: 556px) 100vw, 556px\" \/><\/figure><\/div>\n\n\n\n<p class=\"has-text-align-center\"><strong>Truffle<\/strong> <strong>Orchard at Juva Truffle Center<\/strong><\/p>\n\n\n\n<hr class=\"wp-block-separator is-style-wide\" \/>\n\n\n\n<h2 class=\"has-text-align-left wp-block-heading\"><span style=\"font-family: 'times new roman', times, serif;color: #800000;font-size: 18pt\">Establishing Truffle Orchards<\/span><\/h2>\n\n\n\n<p class=\"has-text-align-left\"><span style=\"font-family: 'times new roman', times, serif;font-size: 14pt\">Juva Truffle Center has established 33 truffle orchards in Finland, one of which is in Kultaranta (Finnish President Summer Residence), 2 in Latvia and 2 in Lithuania. The biggest truffle orchard in Finland is located in Partala, Juva.<\/span><\/p>\n\n\n\n<p class=\"has-text-align-left\"><span style=\"font-family: 'times new roman', times, serif;font-size: 14pt\">Juva Truffle Center offers training, consultation and start-up materials for the establishment of truffle orchards for private landowners (in Finland or outside) based on a mutual written two years (or more) contract. Juva Truffle Center does not reserve any rights to the truffle crop produced in the area under the contract, but has the right to use and publish the results and photos obtained from the truffle orchard.<\/span><\/p>\n\n\n\n<p class=\"has-text-align-left\"><span style=\"font-family: 'times new roman', times, serif;font-size: 14pt\">JTC helps the landowners in selecting the suitable field area for truffle orchard and tree seedlings cultivars inoculated with truffle. JTC analyzes the soil samples from the established orchards in the first and second year as a part of truffle orchard management. Our clients receive the instructions for planting the seedlings, protection methods of the seedlings during summer and winter, and general care. JTC employee also takes follow-up on each orchard by visiting the orchards 1-2 times a year. As an orchard management practice, JTC employee collects root samples randomly every year from orchards in order to examine the existence and development of truffle mycorrhizae in the root systems of the tree seedlings. The photos of the truffle mycorrhizae are sent by email to the clients.<\/span><\/p>\n\n\n\n<p class=\"has-text-align-center has-black-color has-text-color\"><\/p>\n\n\n\n<hr class=\"wp-block-separator is-style-wide\" \/>\n\n\n\n<p><\/p>\n\n\n\n<div class=\"wp-block-image is-style-default\"><figure class=\"aligncenter size-large\"><img loading=\"lazy\" decoding=\"async\" width=\"432\" height=\"447\" src=\"https:\/\/juvatruf.fi\/en\/wp-content\/uploads\/sites\/2\/2021\/03\/With-president-e1617103787763.jpg\" alt=\"\" class=\"wp-image-425\" srcset=\"https:\/\/juvatruf.fi\/en\/wp-content\/uploads\/sites\/2\/2021\/03\/With-president-e1617103787763.jpg 432w, https:\/\/juvatruf.fi\/en\/wp-content\/uploads\/sites\/2\/2021\/03\/With-president-e1617103787763-290x300.jpg 290w\" sizes=\"(max-width: 432px) 100vw, 432px\" \/><\/figure><\/div>\n\n\n\n<p class=\"has-text-align-center has-black-color has-text-color\"><strong><em>President Tarja Halonen and the Director of JTC Dr. Salem Shamekh<\/em> at Truffle farm of President&#8217;s Summer Castle<\/strong><\/p>\n\n\n\n<hr class=\"wp-block-separator is-style-wide\" \/>\n\n\n\n<h3 class=\"has-text-align-left wp-block-heading\"><span style=\"font-family: 'times new roman', times, serif;color: #800000;font-size: 18pt\">Tree Seedlings Inoculated With Truffles<\/span><\/h3>\n\n\n\n<p class=\"has-text-align-left\"><span style=\"font-family: 'times new roman', times, serif;font-size: 14pt\">JTC has also been producing various tree seedlings cultivars of Finnish origin inoculated with various truffle species such as <em>T. aestivum\/uncinatum<\/em>, <em>T. melanosporum, and T. borchii<\/em>. JTC has now made these seedlings available for retail. These seedlings are sold along with planting instructions that are suitable for Finland.<\/span><br><\/p>\n\n\n\n<div class=\"wp-block-image\"><figure class=\"aligncenter size-large is-resized\"><img loading=\"lazy\" decoding=\"async\" src=\"https:\/\/juvatruf.fi\/en\/wp-content\/uploads\/sites\/2\/2021\/05\/Seedlings-1024x482.png\" alt=\"\" class=\"wp-image-557\" width=\"744\" height=\"350\" srcset=\"https:\/\/juvatruf.fi\/en\/wp-content\/uploads\/sites\/2\/2021\/05\/Seedlings-1024x482.png 1024w, https:\/\/juvatruf.fi\/en\/wp-content\/uploads\/sites\/2\/2021\/05\/Seedlings-300x141.png 300w, https:\/\/juvatruf.fi\/en\/wp-content\/uploads\/sites\/2\/2021\/05\/Seedlings-768x362.png 768w, https:\/\/juvatruf.fi\/en\/wp-content\/uploads\/sites\/2\/2021\/05\/Seedlings-1536x723.png 1536w, https:\/\/juvatruf.fi\/en\/wp-content\/uploads\/sites\/2\/2021\/05\/Seedlings.png 1949w\" sizes=\"(max-width: 744px) 100vw, 744px\" \/><\/figure><\/div>\n\n\n\n<p class=\"has-text-align-center has-black-color has-text-color\"><strong>Seedlings inoculated with truffles<\/strong><em><strong> (Tuber aestivim\/uncinatum or T. melanosporum <\/strong><\/em><strong>or<\/strong><em><strong> T. borchii) <\/strong><\/em><strong>produced at JTC<\/strong><\/p>\n\n\n\n<hr class=\"wp-block-separator is-style-wide\" \/>\n\n\n\n<h3 class=\"has-text-align-left wp-block-heading\"><span style=\"font-family: 'times new roman', times, serif;color: #800000;font-size: 18pt\">Analysis of Finnish Wild Truffles<\/span><\/h3>\n\n\n\n<p class=\"has-text-align-left\"><span style=\"font-family: 'times new roman', times, serif;font-size: 14pt\">We are happy to receive samples of findings of wild tubers that are picked by Finns from forests\/gardens. During the last ten years, JTC employees have assessed hundreds of tubers that have been sent to us by Finns to check the authenticity and species of truffles. The most likely time to find Finnish wild truffles is from July to November.&nbsp; All the wild Finnish truffles found in Finnish forests and house gardens have been white truffles and were collected from under trees other than oaks. Few truffles species of wild Finnish truffles have been identified and published in scientific international Journals.<\/span><\/p>\n\n\n\n<p class=\"has-text-align-left\"><span style=\"color: #800000;font-family: 'times new roman', times, serif;font-size: 18pt\">Truffle Safaris<\/span><\/p>\n\n\n\n<p class=\"has-text-align-left\"><span style=\"font-size: 14pt;font-family: 'times new roman', times, serif\">JTC has been organizing truffle safaris every summer since 2013. As a part of truffe safari, we also organize truffle hunt show where we guide the dog owners in training their dogs to hunt truffles. In August of 2014, we had the VIP truffle safari during which President Tarja Halonen, Minister Olli Rehn, and Ambassador Tanja J\u00e4\u00e4skal\u00e4inen were our guests.<\/span><\/p>\n\n\n\n<p class=\"has-text-align-left\"><span style=\"font-size: 14pt;font-family: 'times new roman', times, serif\">During the safari, all dogs practice truffle hunting in JTC\u2019s truffle orchard. In summer 2015 JTC had more than 30 Lagotto Romagnolo dogs with their owners for practicing truffle safari.<\/span><\/p>\n\n\n\n<hr class=\"wp-block-separator is-style-wide\" \/>\n\n\n\n<div class=\"wp-block-image is-style-default\"><figure class=\"aligncenter\"><img loading=\"lazy\" decoding=\"async\" width=\"570\" height=\"285\" src=\"http:\/\/juvatruf.asiakkaat.sigmatic.fi\/en\/wp-content\/uploads\/sites\/2\/2016\/06\/Mr-Pierre-Sourzat-and-Mrs-Paulette-Tedesco-in-JTC-2010-6-570x285.jpg\" alt=\"\" class=\"wp-image-31\" srcset=\"https:\/\/juvatruf.fi\/en\/wp-content\/uploads\/sites\/2\/2016\/06\/Mr-Pierre-Sourzat-and-Mrs-Paulette-Tedesco-in-JTC-2010-6-570x285.jpg 570w, https:\/\/juvatruf.fi\/en\/wp-content\/uploads\/sites\/2\/2016\/06\/Mr-Pierre-Sourzat-and-Mrs-Paulette-Tedesco-in-JTC-2010-6-1140x570.jpg 1140w\" sizes=\"(max-width: 570px) 100vw, 570px\" \/><\/figure><\/div>\n\n\n\n<p class=\"has-text-align-center\"><em>A dog practicing truffle hunting at the Juva truffle field<\/em><\/p>\n\n\n\n<hr class=\"wp-block-separator is-style-wide\" \/>\n\n\n\n<p class=\"has-text-align-left\"><span style=\"font-size: 14pt;font-family: 'times new roman', times, serif\">JTC\u2019s truffle safari includes the following activities:<\/span><\/p>\n\n\n\n<p class=\"has-text-align-left\"><span style=\"font-size: 14pt;font-family: 'times new roman', times, serif\">The safari program which lasts up to four hours includes an oral presentation about Finnish truffle orchards, a demonstration of the truffle mycorrhizae under a microscope, Finnish, Italian and French truffles, a truffle hunt show in our orchard, and an exquisite truffle lunch. JTC offers truffle safari program for all kinds of social groups such as friends, families, companies, and institutes.<\/span><\/p>\n","protected":false},"excerpt":{"rendered":"<p>The services offered by Juva Truffle Center include the following: Establishing truffle orchards and truffle orchards managements Truffle safaris (truffle seminar, truffle lunch, and truffle hunt show with trained dogs) Retailing tree seedlings inoculated with truffle ectomycorrhiza and retailing truffle merchandise Guiding dog owners in helping their dogs for hunting truffles Truffle Orchard at Juva<\/p>\n<p class=\"more-link\"><a href=\"https:\/\/juvatruf.fi\/en\/services\/\" class=\"themebutton2\">Read More<\/a><\/p>\n","protected":false},"author":1,"featured_media":0,"parent":0,"menu_order":0,"comment_status":"closed","ping_status":"closed","template":"","meta":{"footnotes":""},"categories":[],"tags":[],"_links":{"self":[{"href":"https:\/\/juvatruf.fi\/en\/wp-json\/wp\/v2\/pages\/8"}],"collection":[{"href":"https:\/\/juvatruf.fi\/en\/wp-json\/wp\/v2\/pages"}],"about":[{"href":"https:\/\/juvatruf.fi\/en\/wp-json\/wp\/v2\/types\/page"}],"author":[{"embeddable":true,"href":"https:\/\/juvatruf.fi\/en\/wp-json\/wp\/v2\/users\/1"}],"replies":[{"embeddable":true,"href":"https:\/\/juvatruf.fi\/en\/wp-json\/wp\/v2\/comments?post=8"}],"version-history":[{"count":83,"href":"https:\/\/juvatruf.fi\/en\/wp-json\/wp\/v2\/pages\/8\/revisions"}],"predecessor-version":[{"id":559,"href":"https:\/\/juvatruf.fi\/en\/wp-json\/wp\/v2\/pages\/8\/revisions\/559"}],"wp:attachment":[{"href":"https:\/\/juvatruf.fi\/en\/wp-json\/wp\/v2\/media?parent=8"}],"wp:term":[{"taxonomy":"category","embeddable":true,"href":"https:\/\/juvatruf.fi\/en\/wp-json\/wp\/v2\/categories?post=8"},{"taxonomy":"post_tag","embeddable":true,"href":"https:\/\/juvatruf.fi\/en\/wp-json\/wp\/v2\/tags?post=8"}],"curies":[{"name":"wp","href":"https:\/\/api.w.org\/{rel}","templated":true}]}}